{"id":42,"date":"2017-06-22T17:27:17","date_gmt":"2017-06-22T14:27:17","guid":{"rendered":"https:\/\/gokkusagiotelayder.com\/tr\/?page_id=42"},"modified":"2018-07-04T14:11:49","modified_gmt":"2018-07-04T11:11:49","slug":"iletisim","status":"publish","type":"page","link":"https:\/\/gokkusagiotelayder.com\/tr\/iletisim\/","title":{"rendered":"\u0130leti\u015fim"},"content":{"rendered":"<p><font size=\"4\"><strong>Adres<\/strong> : \u015eht. Binba\u015f\u0131 \u00d6mer Aktu\u011f Cad. Ayder Yaylas\u0131 \u00c7aml\u0131hem\u015fin \/ Rize<br \/>\n<\/br><br \/>\n<strong>Telefon<\/strong> : +90 537 313 55 48<br \/>\n<\/br><br \/>\n<strong>Mail<\/strong> : <a href=\"mailto:timurveziroglu@gmail.com\">timurveziroglu@gmail.com<\/a><\/font><br \/>\n<\/br> <\/br><br \/>\n<iframe loading=\"lazy\" src=\"https:\/\/www.google.com\/maps\/embed?pb=!1m18!1m12!1m3!1d1266.9431402652447!2d41.10085141814317!3d40.95266471102994!2m3!1f0!2f0!3f0!3m2!1i1024!2i768!4f13.1!3m3!1m2!1s0x0%3A0xa6d3c8a02442e461!2zR8O2a2t1xZ9hxJ_EsSBBcGFydCBPdGVs!5e0!3m2!1str!2str!4v1498141968115\" width=\"100%\" height=\"300\" frameborder=\"0\" style=\"border:0\" allowfullscreen><\/iframe><\/p>\n","protected":false},"excerpt":{"rendered":"<p>Adres : \u015eht. Binba\u015f\u0131 \u00d6mer Aktu\u011f Cad. Ayder Yaylas\u0131 \u00c7aml\u0131hem\u015fin \/ Rize Telefon : +90 537 313 55 48 Mail : timurveziroglu@gmail.com<\/p>\n","protected":false},"author":1,"featured_media":0,"parent":0,"menu_order":0,"comment_status":"closed","ping_status":"closed","template":"","meta":{"footnotes":""},"class_list":["post-42","page","type-page","status-publish","hentry"],"yoast_head":"<!-- This site is optimized with the Yoast SEO plugin v20.10 - https:\/\/yoast.com\/wordpress\/plugins\/seo\/ -->\n<title>\u0130leti\u015fim - G\u00f6kku\u015fa\u011f\u0131 Apart Otel Ayder | Ayder Yaylas\u0131 Otel<\/title>\n<meta name=\"robots\" content=\"index, follow, max-snippet:-1, max-image-preview:large, max-video-preview:-1\" \/>\n<link rel=\"canonical\" href=\"https:\/\/gokkusagiotelayder.com\/tr\/iletisim\/\" \/>\n<meta property=\"og:locale\" content=\"tr_TR\" \/>\n<meta property=\"og:type\" content=\"article\" \/>\n<meta property=\"og:title\" content=\"\u0130leti\u015fim - G\u00f6kku\u015fa\u011f\u0131 Apart Otel Ayder | Ayder Yaylas\u0131 Otel\" \/>\n<meta property=\"og:description\" content=\"Adres : \u015eht. Binba\u015f\u0131 \u00d6mer Aktu\u011f Cad. Ayder Yaylas\u0131 \u00c7aml\u0131hem\u015fin \/ Rize Telefon : +90 537 313 55 48 Mail : timurveziroglu@gmail.com\" \/>\n<meta property=\"og:url\" content=\"https:\/\/gokkusagiotelayder.com\/tr\/iletisim\/\" \/>\n<meta property=\"og:site_name\" content=\"G\u00f6kku\u015fa\u011f\u0131 Apart Otel Ayder | Ayder Yaylas\u0131 Otel\" \/>\n<meta property=\"article:modified_time\" content=\"2018-07-04T11:11:49+00:00\" \/>\n<meta name=\"twitter:card\" content=\"summary_large_image\" \/>\n<script type=\"application\/ld+json\" class=\"yoast-schema-graph\">{\"@context\":\"https:\/\/schema.org\",\"@graph\":[{\"@type\":\"WebPage\",\"@id\":\"https:\/\/gokkusagiotelayder.com\/tr\/iletisim\/\",\"url\":\"https:\/\/gokkusagiotelayder.com\/tr\/iletisim\/\",\"name\":\"\u0130leti\u015fim - G\u00f6kku\u015fa\u011f\u0131 Apart Otel Ayder | Ayder Yaylas\u0131 Otel\",\"isPartOf\":{\"@id\":\"https:\/\/gokkusagiotelayder.com\/tr\/#website\"},\"datePublished\":\"2017-06-22T14:27:17+00:00\",\"dateModified\":\"2018-07-04T11:11:49+00:00\",\"breadcrumb\":{\"@id\":\"https:\/\/gokkusagiotelayder.com\/tr\/iletisim\/#breadcrumb\"},\"inLanguage\":\"tr\",\"potentialAction\":[{\"@type\":\"ReadAction\",\"target\":[\"https:\/\/gokkusagiotelayder.com\/tr\/iletisim\/\"]}]},{\"@type\":\"BreadcrumbList\",\"@id\":\"https:\/\/gokkusagiotelayder.com\/tr\/iletisim\/#breadcrumb\",\"itemListElement\":[{\"@type\":\"ListItem\",\"position\":1,\"name\":\"Ana sayfa\",\"item\":\"https:\/\/gokkusagiotelayder.com\/tr\/\"},{\"@type\":\"ListItem\",\"position\":2,\"name\":\"\u0130leti\u015fim\"}]},{\"@type\":\"WebSite\",\"@id\":\"https:\/\/gokkusagiotelayder.com\/tr\/#website\",\"url\":\"https:\/\/gokkusagiotelayder.com\/tr\/\",\"name\":\"G\u00f6kku\u015fa\u011f\u0131 Apart Otel Ayder | Ayder Yaylas\u0131 Otel\",\"description\":\"Ayder Yaylas\u0131nda yer alan G\u00f6kku\u015fa\u011f\u0131 Apart Otel do\u011faya uygun yeni nesil mimari yap\u0131s\u0131 ile hizmetinizde.\",\"potentialAction\":[{\"@type\":\"SearchAction\",\"target\":{\"@type\":\"EntryPoint\",\"urlTemplate\":\"https:\/\/gokkusagiotelayder.com\/tr\/?s={search_term_string}\"},\"query-input\":\"required name=search_term_string\"}],\"inLanguage\":\"tr\"}]}<\/script>\n<!-- \/ Yoast SEO plugin. -->","yoast_head_json":{"title":"\u0130leti\u015fim - G\u00f6kku\u015fa\u011f\u0131 Apart Otel Ayder | Ayder Yaylas\u0131 Otel","robots":{"index":"index","follow":"follow","max-snippet":"max-snippet:-1","max-image-preview":"max-image-preview:large","max-video-preview":"max-video-preview:-1"},"canonical":"https:\/\/gokkusagiotelayder.com\/tr\/iletisim\/","og_locale":"tr_TR","og_type":"article","og_title":"\u0130leti\u015fim - G\u00f6kku\u015fa\u011f\u0131 Apart Otel Ayder | Ayder Yaylas\u0131 Otel","og_description":"Adres : \u015eht. Binba\u015f\u0131 \u00d6mer Aktu\u011f Cad. Ayder Yaylas\u0131 \u00c7aml\u0131hem\u015fin \/ Rize Telefon : +90 537 313 55 48 Mail : timurveziroglu@gmail.com","og_url":"https:\/\/gokkusagiotelayder.com\/tr\/iletisim\/","og_site_name":"G\u00f6kku\u015fa\u011f\u0131 Apart Otel Ayder | Ayder Yaylas\u0131 Otel","article_modified_time":"2018-07-04T11:11:49+00:00","twitter_card":"summary_large_image","schema":{"@context":"https:\/\/schema.org","@graph":[{"@type":"WebPage","@id":"https:\/\/gokkusagiotelayder.com\/tr\/iletisim\/","url":"https:\/\/gokkusagiotelayder.com\/tr\/iletisim\/","name":"\u0130leti\u015fim - G\u00f6kku\u015fa\u011f\u0131 Apart Otel Ayder | Ayder Yaylas\u0131 Otel","isPartOf":{"@id":"https:\/\/gokkusagiotelayder.com\/tr\/#website"},"datePublished":"2017-06-22T14:27:17+00:00","dateModified":"2018-07-04T11:11:49+00:00","breadcrumb":{"@id":"https:\/\/gokkusagiotelayder.com\/tr\/iletisim\/#breadcrumb"},"inLanguage":"tr","potentialAction":[{"@type":"ReadAction","target":["https:\/\/gokkusagiotelayder.com\/tr\/iletisim\/"]}]},{"@type":"BreadcrumbList","@id":"https:\/\/gokkusagiotelayder.com\/tr\/iletisim\/#breadcrumb","itemListElement":[{"@type":"ListItem","position":1,"name":"Ana sayfa","item":"https:\/\/gokkusagiotelayder.com\/tr\/"},{"@type":"ListItem","position":2,"name":"\u0130leti\u015fim"}]},{"@type":"WebSite","@id":"https:\/\/gokkusagiotelayder.com\/tr\/#website","url":"https:\/\/gokkusagiotelayder.com\/tr\/","name":"G\u00f6kku\u015fa\u011f\u0131 Apart Otel Ayder | Ayder Yaylas\u0131 Otel","description":"Ayder Yaylas\u0131nda yer alan G\u00f6kku\u015fa\u011f\u0131 Apart Otel do\u011faya uygun yeni nesil mimari yap\u0131s\u0131 ile hizmetinizde.","potentialAction":[{"@type":"SearchAction","target":{"@type":"EntryPoint","urlTemplate":"https:\/\/gokkusagiotelayder.com\/tr\/?s={search_term_string}"},"query-input":"required name=search_term_string"}],"inLanguage":"tr"}]}},"_links":{"self":[{"href":"https:\/\/gokkusagiotelayder.com\/tr\/wp-json\/wp\/v2\/pages\/42","targetHints":{"allow":["GET"]}}],"collection":[{"href":"https:\/\/gokkusagiotelayder.com\/tr\/wp-json\/wp\/v2\/pages"}],"about":[{"href":"https:\/\/gokkusagiotelayder.com\/tr\/wp-json\/wp\/v2\/types\/page"}],"author":[{"embeddable":true,"href":"https:\/\/gokkusagiotelayder.com\/tr\/wp-json\/wp\/v2\/users\/1"}],"replies":[{"embeddable":true,"href":"https:\/\/gokkusagiotelayder.com\/tr\/wp-json\/wp\/v2\/comments?post=42"}],"version-history":[{"count":0,"href":"https:\/\/gokkusagiotelayder.com\/tr\/wp-json\/wp\/v2\/pages\/42\/revisions"}],"wp:attachment":[{"href":"https:\/\/gokkusagiotelayder.com\/tr\/wp-json\/wp\/v2\/media?parent=42"}],"curies":[{"name":"wp","href":"https:\/\/api.w.org\/{rel}","templated":true}]}}